{"id":12285,"date":"2023-09-14T12:23:51","date_gmt":"2023-09-14T10:23:51","guid":{"rendered":"https:\/\/www.arctus.com\/?page_id=12285"},"modified":"2023-09-14T15:36:26","modified_gmt":"2023-09-14T13:36:26","slug":"question-a-un-expert","status":"publish","type":"page","link":"https:\/\/www.arctus.com\/fr\/question-a-un-expert\/","title":{"rendered":"Question \u00e0 un expert"},"content":{"rendered":"\t\t<div data-elementor-type=\"wp-page\" data-elementor-id=\"12285\" class=\"elementor elementor-12285\" data-elementor-post-type=\"page\">\n\t\t\t\t\t\t<section class=\"elementor-section elementor-top-section elementor-element elementor-element-16e16fd elementor-section-full_width elementor-section-height-min-height elementor-section-height-default elementor-section-items-middle\" data-id=\"16e16fd\" data-element_type=\"section\" data-settings=\"{&quot;background_background&quot;:&quot;classic&quot;}\">\n\t\t\t\t\t\t<div class=\"elementor-container elementor-column-gap-no\">\n\t\t\t\t\t<div class=\"elementor-column elementor-col-16 elementor-top-column elementor-element elementor-element-4048bc0 elementor-hidden-mobile\" data-id=\"4048bc0\" data-element_type=\"column\" data-settings=\"{&quot;background_background&quot;:&quot;classic&quot;}\">\n\t\t\t<div class=\"elementor-widget-wrap\">\n\t\t\t\t\t\t\t<\/div>\n\t\t<\/div>\n\t\t\t\t<div class=\"elementor-column elementor-col-66 elementor-top-column elementor-element elementor-element-659fdc6\" data-id=\"659fdc6\" data-element_type=\"column\" data-settings=\"{&quot;background_background&quot;:&quot;classic&quot;}\">\n\t\t\t<div class=\"elementor-widget-wrap elementor-element-populated\">\n\t\t\t\t\t\t<div class=\"elementor-element elementor-element-aaf5fb1 elementor-widget elementor-widget-heading\" data-id=\"aaf5fb1\" data-element_type=\"widget\" data-widget_type=\"heading.default\">\n\t\t\t\t<div class=\"elementor-widget-container\">\n\t\t\t\t\t<h1 class=\"elementor-heading-title elementor-size-default\">Question \u00e0 un expert <\/h1>\t\t\t\t<\/div>\n\t\t\t\t<\/div>\n\t\t\t\t\t<\/div>\n\t\t<\/div>\n\t\t\t\t<div class=\"elementor-column elementor-col-16 elementor-top-column elementor-element elementor-element-31aad9b elementor-hidden-mobile\" data-id=\"31aad9b\" data-element_type=\"column\" data-settings=\"{&quot;background_background&quot;:&quot;classic&quot;}\">\n\t\t\t<div class=\"elementor-widget-wrap\">\n\t\t\t\t\t\t\t<\/div>\n\t\t<\/div>\n\t\t\t\t\t<\/div>\n\t\t<\/section>\n\t\t\t\t<section class=\"elementor-section elementor-top-section elementor-element elementor-element-efce204 elementor-section-full_width elementor-section-height-default elementor-section-height-default\" data-id=\"efce204\" data-element_type=\"section\">\n\t\t\t\t\t\t<div class=\"elementor-container elementor-column-gap-no\">\n\t\t\t\t\t<div class=\"elementor-column elementor-col-16 elementor-top-column elementor-element elementor-element-b2f42d4 elementor-hidden-mobile\" data-id=\"b2f42d4\" data-element_type=\"column\" data-settings=\"{&quot;background_background&quot;:&quot;classic&quot;}\">\n\t\t\t<div class=\"elementor-widget-wrap\">\n\t\t\t\t\t\t\t<\/div>\n\t\t<\/div>\n\t\t\t\t<div class=\"elementor-column elementor-col-66 elementor-top-column elementor-element elementor-element-52ead01\" data-id=\"52ead01\" data-element_type=\"column\" data-settings=\"{&quot;background_background&quot;:&quot;classic&quot;}\">\n\t\t\t<div class=\"elementor-widget-wrap elementor-element-populated\">\n\t\t\t\t\t\t<div class=\"elementor-element elementor-element-d3bee11 elementor-widget elementor-widget-text-editor\" data-id=\"d3bee11\" data-element_type=\"widget\" data-widget_type=\"text-editor.default\">\n\t\t\t\t<div class=\"elementor-widget-container\">\n\t\t\t\t\t\t\t\t\t<div class=\"sc-931cbe86-3 lfgImZ tally-block tally-block-text tally-block-b58040df-677d-4fc6-8cac-2b6571eb2ea0\" style=\"box-sizing: inherit; padding: 1px 0px; margin: 0px; white-space-collapse: preserve; word-break: break-word; color: #37352f; font-family: __Inter_0ec1f4, __Inter_Fallback_0ec1f4, sans-serif;\"><div class=\"sc-6991af84-0 gpPzDM tally-text\" style=\"box-sizing: inherit; padding-top: 3px; padding-right: 0px; padding-bottom: calc(8px); margin: 0px; line-height: 1.5; min-height: 35px;\">Vous rencontrez des d\u00e9fis sur les sujets de communication interne, de collaboration et d\u2019innovation autour de l\u2019exp\u00e9rience collaborateur ?<\/div><div class=\"sc-6991af84-0 gpPzDM tally-text\" style=\"box-sizing: inherit; padding-top: 3px; padding-right: 0px; padding-bottom: calc(8px); margin: 0px; line-height: 1.5; min-height: 35px;\"><strong>Posez vos questions \u00e0 nos consultants en transformation digitale interne ! <\/strong><\/div><div class=\"sc-6991af84-0 gpPzDM tally-text\" style=\"box-sizing: inherit; padding-top: 3px; padding-right: 0px; padding-bottom: calc(8px); margin: 0px; line-height: 1.5; min-height: 35px;\">Rendez-vous ensuite dans la rubrique \u00ab\u00a0Question \u00e0 un expert\u00a0\u00bb des prochaines \u00e9ditions de <span style=\"text-decoration: underline;\"><span style=\"color: #0000ff; text-decoration: underline;\"><a style=\"color: #0000ff; text-decoration: underline;\" href=\"http:\/\/eepurl.com\/dzl83X\">notre newsletter<\/a><\/span><\/span> pour une r\u00e9ponse personnalis\u00e9e.<\/div><\/div><div class=\"sc-931cbe86-3 lfgImZ tally-block tally-block-heading-3 tally-block-4c8c77bc-cf8d-44ca-8933-5ba7176f62a9\" style=\"box-sizing: inherit; padding: 1px 0px; margin: 0px; white-space-collapse: preserve; word-break: break-word; color: #37352f; font-family: __Inter_0ec1f4, __Inter_Fallback_0ec1f4, sans-serif;\"><div class=\"sc-87f2283c-0 kfOiWB\" style=\"box-sizing: inherit; padding: 0px; margin: 0px;\"><div class=\"sc-87f2283c-1 liVdyQ\" style=\"box-sizing: inherit; padding: 20px 0px 10px; margin: 0px; position: relative; display: inline-flex;\">\u00a0<\/div><\/div><\/div>\t\t\t\t\t\t\t\t<\/div>\n\t\t\t\t<\/div>\n\t\t\t\t<section class=\"elementor-section elementor-inner-section elementor-element elementor-element-79e1911 elementor-section-boxed elementor-section-height-default elementor-section-height-default\" data-id=\"79e1911\" data-element_type=\"section\">\n\t\t\t\t\t\t<div class=\"elementor-container elementor-column-gap-default\">\n\t\t\t\t\t<div class=\"elementor-column elementor-col-100 elementor-inner-column elementor-element elementor-element-ded0b35\" data-id=\"ded0b35\" data-element_type=\"column\">\n\t\t\t<div class=\"elementor-widget-wrap elementor-element-populated\">\n\t\t\t\t\t\t<div class=\"elementor-element elementor-element-2b31453 elementor-button-align-stretch elementor-widget elementor-widget-form\" data-id=\"2b31453\" data-element_type=\"widget\" data-settings=\"{&quot;step_next_label&quot;:&quot;Suivant&quot;,&quot;step_previous_label&quot;:&quot;Pr\\u00e9c\\u00e9dent&quot;,&quot;button_width&quot;:&quot;100&quot;,&quot;step_type&quot;:&quot;number_text&quot;,&quot;step_icon_shape&quot;:&quot;circle&quot;}\" data-widget_type=\"form.default\">\n\t\t\t\t<div class=\"elementor-widget-container\">\n\t\t\t\t\t\t\t<form class=\"elementor-form\" method=\"post\" name=\"Question \u00e0 un expert\" aria-label=\"Question \u00e0 un expert\">\n\t\t\t<input type=\"hidden\" name=\"post_id\" value=\"12285\"\/>\n\t\t\t<input type=\"hidden\" name=\"form_id\" value=\"2b31453\"\/>\n\t\t\t<input type=\"hidden\" name=\"referer_title\" value=\"Arctus\" \/>\n\n\t\t\t\n\t\t\t<div class=\"elementor-form-fields-wrapper elementor-labels-above\">\n\t\t\t\t\t\t\t\t<div class=\"elementor-field-type-text elementor-field-group elementor-column elementor-field-group-name elementor-col-50 elementor-field-required elementor-mark-required\">\n\t\t\t\t\t\t\t\t\t\t\t\t<label for=\"form-field-name\" class=\"elementor-field-label\">\n\t\t\t\t\t\t\t\tVotre nom\t\t\t\t\t\t\t<\/label>\n\t\t\t\t\t\t\t\t\t\t\t\t\t\t<input size=\"1\" type=\"text\" name=\"form_fields[name]\" id=\"form-field-name\" class=\"elementor-field elementor-size-sm  elementor-field-textual\" placeholder=\"Anonymis\u00e9 dans la rubrique.\" required=\"required\">\n\t\t\t\t\t\t\t\t\t\t\t<\/div>\n\t\t\t\t\t\t\t\t<div class=\"elementor-field-type-text elementor-field-group elementor-column elementor-field-group-field_cc52d7b elementor-col-50 elementor-field-required elementor-mark-required\">\n\t\t\t\t\t\t\t\t\t\t\t\t<label for=\"form-field-field_cc52d7b\" class=\"elementor-field-label\">\n\t\t\t\t\t\t\t\tVotre pr\u00e9nom \t\t\t\t\t\t\t<\/label>\n\t\t\t\t\t\t\t\t\t\t\t\t\t\t<input size=\"1\" type=\"text\" name=\"form_fields[field_cc52d7b]\" id=\"form-field-field_cc52d7b\" class=\"elementor-field elementor-size-sm  elementor-field-textual\" placeholder=\"Anonymis\u00e9 dans la rubrique.\" required=\"required\">\n\t\t\t\t\t\t\t\t\t\t\t<\/div>\n\t\t\t\t\t\t\t\t<div class=\"elementor-field-type-text elementor-field-group elementor-column elementor-field-group-email elementor-col-50 elementor-field-required elementor-mark-required\">\n\t\t\t\t\t\t\t\t\t\t\t\t<label for=\"form-field-email\" class=\"elementor-field-label\">\n\t\t\t\t\t\t\t\tVotre organisation\t\t\t\t\t\t\t<\/label>\n\t\t\t\t\t\t\t\t\t\t\t\t\t\t<input size=\"1\" type=\"text\" name=\"form_fields[email]\" id=\"form-field-email\" class=\"elementor-field elementor-size-sm  elementor-field-textual\" placeholder=\"Seuls le secteur et la taille de votre organisation seront mentionn\u00e9s dans la rubrique.\" required=\"required\">\n\t\t\t\t\t\t\t\t\t\t\t<\/div>\n\t\t\t\t\t\t\t\t<div class=\"elementor-field-type-email elementor-field-group elementor-column elementor-field-group-field_55e4722 elementor-col-50 elementor-field-required elementor-mark-required\">\n\t\t\t\t\t\t\t\t\t\t\t\t<label for=\"form-field-field_55e4722\" class=\"elementor-field-label\">\n\t\t\t\t\t\t\t\tVotre adresse mail professionnelle\t\t\t\t\t\t\t<\/label>\n\t\t\t\t\t\t\t\t\t\t\t\t\t\t<input size=\"1\" type=\"email\" name=\"form_fields[field_55e4722]\" id=\"form-field-field_55e4722\" class=\"elementor-field elementor-size-sm  elementor-field-textual\" required=\"required\">\n\t\t\t\t\t\t\t\t\t\t\t<\/div>\n\t\t\t\t\t\t\t\t<div class=\"elementor-field-type-textarea elementor-field-group elementor-column elementor-field-group-message elementor-col-100 elementor-field-required elementor-mark-required\">\n\t\t\t\t\t\t\t\t\t\t\t\t<label for=\"form-field-message\" class=\"elementor-field-label\">\n\t\t\t\t\t\t\t\tVotre question \u00e0 l'expert en transformation digitale interne\t\t\t\t\t\t\t<\/label>\n\t\t\t\t\t\t<textarea class=\"elementor-field-textual elementor-field  elementor-size-sm\" name=\"form_fields[message]\" id=\"form-field-message\" rows=\"6\" placeholder=\"Pour nous permettre d&#039;apporter la meilleure r\u00e9ponse possible, merci de pr\u00e9ciser la taille de votre entreprise, des \u00e9l\u00e9ments de contexte et les d\u00e9tails en lien avec le d\u00e9fi rencontr\u00e9.\" required=\"required\"><\/textarea>\t\t\t\t<\/div>\n\t\t\t\t\t\t\t\t<div class=\"elementor-field-type-acceptance elementor-field-group elementor-column elementor-field-group-field_f90ef24 elementor-col-100 elementor-field-required elementor-mark-required\">\n\t\t\t\t\t\t\t<div class=\"elementor-field-subgroup\">\n\t\t\t<span class=\"elementor-field-option\">\n\t\t\t\t<input type=\"checkbox\" name=\"form_fields[field_f90ef24]\" id=\"form-field-field_f90ef24\" class=\"elementor-field elementor-size-sm  elementor-acceptance-field\" required=\"required\">\n\t\t\t\t<label for=\"form-field-field_f90ef24\">Vos donn\u00e9es personnelles sont trait\u00e9es par la soci\u00e9t\u00e9 Arctus \u00e0 des fins de r\u00e9ponse \u00e0 votre demande de contact. Vous disposez d\u2019un droit d\u2019acc\u00e8s, de rectification, d\u2019effacement de vos donn\u00e9es, d\u2019opposition, de limitation au traitement, un droit \u00e0 la portabilit\u00e9 de vos donn\u00e9es, un droit de retirer votre consentement \u00e0 tout moment en nous contactant au contact@arctus.com<span class=\"red\"> *<\/span><\/label>\t\t\t<\/span>\n\t\t<\/div>\n\t\t\t\t\t\t<\/div>\n\t\t\t\t\t\t\t\t<div class=\"elementor-field-type-html elementor-field-group elementor-column elementor-field-group-field_2464422 elementor-col-100\">\n\t\t\t\t\t<p>Consulter notre <a href=\"\/mentions-legales\" ><u>politique de confidentialit\u00e9<\/u><\/a><\/p>\t\t\t\t<\/div>\n\t\t\t\t\t\t\t\t<div class=\"elementor-field-type-recaptcha_v3 elementor-field-group elementor-column elementor-field-group-field_4cc3321 elementor-col-100 recaptcha_v3-bottomright\">\n\t\t\t\t\t<div class=\"elementor-field\" id=\"form-field-field_4cc3321\"><div class=\"elementor-g-recaptcha\" data-sitekey=\"6LfvqmIrAAAAAIjpE6EB0QnhQyFk-zauaBjn5ROH\" data-type=\"v3\" data-action=\"Form\" data-badge=\"bottomright\" data-size=\"invisible\"><\/div><\/div>\t\t\t\t<\/div>\n\t\t\t\t\t\t\t\t<div class=\"elementor-field-group elementor-column elementor-field-type-submit elementor-col-100 e-form__buttons\">\n\t\t\t\t\t<button class=\"elementor-button elementor-size-sm\" type=\"submit\" id=\"form-cta\">\n\t\t\t\t\t\t<span class=\"elementor-button-content-wrapper\">\n\t\t\t\t\t\t\t\t\t\t\t\t\t\t\t\t\t\t\t\t\t\t<span class=\"elementor-button-text\">Envoyer<\/span>\n\t\t\t\t\t\t\t\t\t\t\t\t\t<\/span>\n\t\t\t\t\t<\/button>\n\t\t\t\t<\/div>\n\t\t\t<\/div>\n\t\t<\/form>\n\t\t\t\t\t\t<\/div>\n\t\t\t\t<\/div>\n\t\t\t\t<div class=\"elementor-element elementor-element-ebb8d41 elementor-widget elementor-widget-text-editor\" data-id=\"ebb8d41\" data-element_type=\"widget\" data-widget_type=\"text-editor.default\">\n\t\t\t\t<div class=\"elementor-widget-container\">\n\t\t\t\t\t\t\t\t\t(<span class=\"red\">*<\/span>) champs obligatoire\t\t\t\t\t\t\t\t<\/div>\n\t\t\t\t<\/div>\n\t\t\t\t\t<\/div>\n\t\t<\/div>\n\t\t\t\t\t<\/div>\n\t\t<\/section>\n\t\t\t\t\t<\/div>\n\t\t<\/div>\n\t\t\t\t<div class=\"elementor-column elementor-col-16 elementor-top-column elementor-element elementor-element-d7ad3a6 elementor-hidden-mobile\" data-id=\"d7ad3a6\" data-element_type=\"column\" data-settings=\"{&quot;background_background&quot;:&quot;classic&quot;}\">\n\t\t\t<div class=\"elementor-widget-wrap\">\n\t\t\t\t\t\t\t<\/div>\n\t\t<\/div>\n\t\t\t\t\t<\/div>\n\t\t<\/section>\n\t\t\t\t<section class=\"elementor-section elementor-top-section elementor-element elementor-element-0c804da elementor-section-full_width elementor-section-height-default elementor-section-height-default\" data-id=\"0c804da\" data-element_type=\"section\" data-settings=\"{&quot;background_background&quot;:&quot;classic&quot;}\">\n\t\t\t\t\t\t<div class=\"elementor-container elementor-column-gap-no\">\n\t\t\t\t\t<div class=\"elementor-column elementor-col-16 elementor-top-column elementor-element elementor-element-dfb3c31 elementor-hidden-mobile\" data-id=\"dfb3c31\" data-element_type=\"column\" data-settings=\"{&quot;background_background&quot;:&quot;classic&quot;}\">\n\t\t\t<div class=\"elementor-widget-wrap\">\n\t\t\t\t\t\t\t<\/div>\n\t\t<\/div>\n\t\t\t\t<div class=\"elementor-column elementor-col-66 elementor-top-column elementor-element elementor-element-eb7af07\" data-id=\"eb7af07\" data-element_type=\"column\" data-settings=\"{&quot;background_background&quot;:&quot;classic&quot;}\">\n\t\t\t<div class=\"elementor-widget-wrap elementor-element-populated\">\n\t\t\t\t\t\t<div class=\"elementor-element elementor-element-2a56d23 elementor-widget elementor-widget-heading\" data-id=\"2a56d23\" data-element_type=\"widget\" data-widget_type=\"heading.default\">\n\t\t\t\t<div class=\"elementor-widget-container\">\n\t\t\t\t\t<h2 class=\"elementor-heading-title elementor-size-default\">Newsletter<\/h2>\t\t\t\t<\/div>\n\t\t\t\t<\/div>\n\t\t\t\t<div class=\"elementor-element elementor-element-9d5400b mb-p elementor-widget elementor-widget-text-editor\" data-id=\"9d5400b\" data-element_type=\"widget\" data-widget_type=\"text-editor.default\">\n\t\t\t\t<div class=\"elementor-widget-container\">\n\t\t\t\t\t\t\t\t\t<p>Pour ne rien rater, abonnez-vous \u00e0 la newsletter d\u2019Arctus<\/p>\t\t\t\t\t\t\t\t<\/div>\n\t\t\t\t<\/div>\n\t\t\t\t<div class=\"elementor-element elementor-element-e5d4b8a elementor-align-center elementor-widget elementor-widget-button\" data-id=\"e5d4b8a\" data-element_type=\"widget\" data-widget_type=\"button.default\">\n\t\t\t\t<div class=\"elementor-widget-container\">\n\t\t\t\t\t\t\t\t\t<div class=\"elementor-button-wrapper\">\n\t\t\t\t\t<a class=\"elementor-button elementor-button-link elementor-size-sm elementor-animation-sink\" href=\"https:\/\/arctus.us6.list-manage.com\/subscribe?u=e0c770a160f747e0d4b0e7f4b&#038;id=04d57c341d\" target=\"_blank\">\n\t\t\t\t\t\t<span class=\"elementor-button-content-wrapper\">\n\t\t\t\t\t\t<span class=\"elementor-button-icon\">\n\t\t\t\t<svg xmlns=\"http:\/\/www.w3.org\/2000\/svg\" width=\"44\" height=\"30\" viewBox=\"0 0 44 30\" fill=\"none\"><path d=\"M43.4142 16.4142C44.1953 15.6332 44.1953 14.3668 43.4142 13.5858L30.6863 0.857867C29.9052 0.0768184 28.6389 0.0768183 27.8579 0.857867C27.0768 1.63892 27.0768 2.90525 27.8579 3.68629L39.1716 15L27.8579 26.3137C27.0768 27.0948 27.0768 28.3611 27.8579 29.1421C28.6389 29.9232 29.9052 29.9232 30.6863 29.1421L43.4142 16.4142ZM-1.74846e-07 17L42 17L42 13L1.74846e-07 13L-1.74846e-07 17Z\" fill=\"#00316B\"><\/path><\/svg>\t\t\t<\/span>\n\t\t\t\t\t\t\t\t\t<span class=\"elementor-button-text\">S\u2019ABONNER<\/span>\n\t\t\t\t\t<\/span>\n\t\t\t\t\t<\/a>\n\t\t\t\t<\/div>\n\t\t\t\t\t\t\t\t<\/div>\n\t\t\t\t<\/div>\n\t\t\t\t\t<\/div>\n\t\t<\/div>\n\t\t\t\t<div class=\"elementor-column elementor-col-16 elementor-top-column elementor-element elementor-element-ba5d798 elementor-hidden-mobile\" data-id=\"ba5d798\" data-element_type=\"column\" data-settings=\"{&quot;background_background&quot;:&quot;classic&quot;}\">\n\t\t\t<div class=\"elementor-widget-wrap\">\n\t\t\t\t\t\t\t<\/div>\n\t\t<\/div>\n\t\t\t\t\t<\/div>\n\t\t<\/section>\n\t\t\t\t<\/div>\n\t\t","protected":false},"excerpt":{"rendered":"<p>Question \u00e0 un expert Vous rencontrez des d\u00e9fis sur les sujets de communication interne, de collaboration et d\u2019innovation autour de l\u2019exp\u00e9rience collaborateur ?Posez vos questions \u00e0 nos consultants en transformation digitale interne ! Rendez-vous ensuite dans la rubrique \u00ab\u00a0Question \u00e0 un expert\u00a0\u00bb des prochaines \u00e9ditions de notre newsletter pour une r\u00e9ponse personnalis\u00e9e.\u00a0(*) champs obligatoire Newsletter [&hellip;]<\/p>\n","protected":false},"author":2,"featured_media":0,"parent":0,"menu_order":0,"comment_status":"closed","ping_status":"closed","template":"elementor_header_footer","meta":{"_acf_changed":false,"footnotes":""},"class_list":["post-12285","page","type-page","status-publish","hentry"],"acf":[],"yoast_head":"<!-- This site is optimized with the Yoast SEO Premium plugin v26.8 (Yoast SEO v26.8) - https:\/\/yoast.com\/product\/yoast-seo-premium-wordpress\/ -->\n<title>Question \u00e0 un expert - Arctus<\/title>\n<meta name=\"description\" content=\"Communication interne, collaboration, innovation, posez vos questions \u00e0 nos experts en transformation digitale interne\" \/>\n<meta name=\"robots\" content=\"index, follow, max-snippet:-1, max-image-preview:large, max-video-preview:-1\" \/>\n<link rel=\"canonical\" href=\"https:\/\/www.arctus.com\/fr\/question-a-un-expert\/\" \/>\n<meta property=\"og:locale\" content=\"fr_FR\" \/>\n<meta property=\"og:type\" content=\"article\" \/>\n<meta property=\"og:title\" content=\"Question \u00e0 un expert\" \/>\n<meta property=\"og:description\" content=\"Communication interne, collaboration, innovation, posez vos questions \u00e0 nos experts en transformation digitale interne\" \/>\n<meta property=\"og:url\" content=\"https:\/\/www.arctus.com\/fr\/question-a-un-expert\/\" \/>\n<meta property=\"og:site_name\" content=\"Arctus\" \/>\n<meta property=\"article:modified_time\" content=\"2023-09-14T13:36:26+00:00\" \/>\n<meta name=\"twitter:card\" content=\"summary_large_image\" \/>\n<meta name=\"twitter:label1\" content=\"Dur\u00e9e de lecture estim\u00e9e\" \/>\n\t<meta name=\"twitter:data1\" content=\"1 minute\" \/>\n<script type=\"application\/ld+json\" class=\"yoast-schema-graph\">{\"@context\":\"https:\/\/schema.org\",\"@graph\":[{\"@type\":\"WebPage\",\"@id\":\"https:\/\/www.arctus.com\/fr\/question-a-un-expert\/\",\"url\":\"https:\/\/www.arctus.com\/fr\/question-a-un-expert\/\",\"name\":\"Question \u00e0 un expert - Arctus\",\"isPartOf\":{\"@id\":\"https:\/\/www.arctus.com\/fr\/#website\"},\"datePublished\":\"2023-09-14T10:23:51+00:00\",\"dateModified\":\"2023-09-14T13:36:26+00:00\",\"description\":\"Communication interne, collaboration, innovation, posez vos questions \u00e0 nos experts en transformation digitale interne\",\"breadcrumb\":{\"@id\":\"https:\/\/www.arctus.com\/fr\/question-a-un-expert\/#breadcrumb\"},\"inLanguage\":\"fr-FR\",\"potentialAction\":[{\"@type\":\"ReadAction\",\"target\":[\"https:\/\/www.arctus.com\/fr\/question-a-un-expert\/\"]}]},{\"@type\":\"BreadcrumbList\",\"@id\":\"https:\/\/www.arctus.com\/fr\/question-a-un-expert\/#breadcrumb\",\"itemListElement\":[{\"@type\":\"ListItem\",\"position\":1,\"name\":\"Accueil\",\"item\":\"https:\/\/www.arctus.com\/\"},{\"@type\":\"ListItem\",\"position\":2,\"name\":\"Question \u00e0 un expert\"}]},{\"@type\":\"WebSite\",\"@id\":\"https:\/\/www.arctus.com\/fr\/#website\",\"url\":\"https:\/\/www.arctus.com\/fr\/\",\"name\":\"Arctus\",\"description\":\"Expert en transformation digitale interne\",\"publisher\":{\"@id\":\"https:\/\/www.arctus.com\/fr\/#organization\"},\"potentialAction\":[{\"@type\":\"SearchAction\",\"target\":{\"@type\":\"EntryPoint\",\"urlTemplate\":\"https:\/\/www.arctus.com\/fr\/?s={search_term_string}\"},\"query-input\":{\"@type\":\"PropertyValueSpecification\",\"valueRequired\":true,\"valueName\":\"search_term_string\"}}],\"inLanguage\":\"fr-FR\"},{\"@type\":\"Organization\",\"@id\":\"https:\/\/www.arctus.com\/fr\/#organization\",\"name\":\"Arctus\",\"url\":\"https:\/\/www.arctus.com\/fr\/\",\"logo\":{\"@type\":\"ImageObject\",\"inLanguage\":\"fr-FR\",\"@id\":\"https:\/\/www.arctus.com\/fr\/#\/schema\/logo\/image\/\",\"url\":\"https:\/\/www.arctus.com\/wp-content\/uploads\/2022\/05\/arctus-logo-menu.png\",\"contentUrl\":\"https:\/\/www.arctus.com\/wp-content\/uploads\/2022\/05\/arctus-logo-menu.png\",\"width\":202,\"height\":66,\"caption\":\"Arctus\"},\"image\":{\"@id\":\"https:\/\/www.arctus.com\/fr\/#\/schema\/logo\/image\/\"},\"sameAs\":[\"https:\/\/www.linkedin.com\/company\/arctus\/\"]}]}<\/script>\n<!-- \/ Yoast SEO Premium plugin. -->","yoast_head_json":{"title":"Question \u00e0 un expert - Arctus","description":"Communication interne, collaboration, innovation, posez vos questions \u00e0 nos experts en transformation digitale interne","robots":{"index":"index","follow":"follow","max-snippet":"max-snippet:-1","max-image-preview":"max-image-preview:large","max-video-preview":"max-video-preview:-1"},"canonical":"https:\/\/www.arctus.com\/fr\/question-a-un-expert\/","og_locale":"fr_FR","og_type":"article","og_title":"Question \u00e0 un expert","og_description":"Communication interne, collaboration, innovation, posez vos questions \u00e0 nos experts en transformation digitale interne","og_url":"https:\/\/www.arctus.com\/fr\/question-a-un-expert\/","og_site_name":"Arctus","article_modified_time":"2023-09-14T13:36:26+00:00","twitter_card":"summary_large_image","twitter_misc":{"Dur\u00e9e de lecture estim\u00e9e":"1 minute"},"schema":{"@context":"https:\/\/schema.org","@graph":[{"@type":"WebPage","@id":"https:\/\/www.arctus.com\/fr\/question-a-un-expert\/","url":"https:\/\/www.arctus.com\/fr\/question-a-un-expert\/","name":"Question \u00e0 un expert - Arctus","isPartOf":{"@id":"https:\/\/www.arctus.com\/fr\/#website"},"datePublished":"2023-09-14T10:23:51+00:00","dateModified":"2023-09-14T13:36:26+00:00","description":"Communication interne, collaboration, innovation, posez vos questions \u00e0 nos experts en transformation digitale interne","breadcrumb":{"@id":"https:\/\/www.arctus.com\/fr\/question-a-un-expert\/#breadcrumb"},"inLanguage":"fr-FR","potentialAction":[{"@type":"ReadAction","target":["https:\/\/www.arctus.com\/fr\/question-a-un-expert\/"]}]},{"@type":"BreadcrumbList","@id":"https:\/\/www.arctus.com\/fr\/question-a-un-expert\/#breadcrumb","itemListElement":[{"@type":"ListItem","position":1,"name":"Accueil","item":"https:\/\/www.arctus.com\/"},{"@type":"ListItem","position":2,"name":"Question \u00e0 un expert"}]},{"@type":"WebSite","@id":"https:\/\/www.arctus.com\/fr\/#website","url":"https:\/\/www.arctus.com\/fr\/","name":"Arctus","description":"Expert en transformation digitale interne","publisher":{"@id":"https:\/\/www.arctus.com\/fr\/#organization"},"potentialAction":[{"@type":"SearchAction","target":{"@type":"EntryPoint","urlTemplate":"https:\/\/www.arctus.com\/fr\/?s={search_term_string}"},"query-input":{"@type":"PropertyValueSpecification","valueRequired":true,"valueName":"search_term_string"}}],"inLanguage":"fr-FR"},{"@type":"Organization","@id":"https:\/\/www.arctus.com\/fr\/#organization","name":"Arctus","url":"https:\/\/www.arctus.com\/fr\/","logo":{"@type":"ImageObject","inLanguage":"fr-FR","@id":"https:\/\/www.arctus.com\/fr\/#\/schema\/logo\/image\/","url":"https:\/\/www.arctus.com\/wp-content\/uploads\/2022\/05\/arctus-logo-menu.png","contentUrl":"https:\/\/www.arctus.com\/wp-content\/uploads\/2022\/05\/arctus-logo-menu.png","width":202,"height":66,"caption":"Arctus"},"image":{"@id":"https:\/\/www.arctus.com\/fr\/#\/schema\/logo\/image\/"},"sameAs":["https:\/\/www.linkedin.com\/company\/arctus\/"]}]}},"_links":{"self":[{"href":"https:\/\/www.arctus.com\/fr\/wp-json\/wp\/v2\/pages\/12285","targetHints":{"allow":["GET"]}}],"collection":[{"href":"https:\/\/www.arctus.com\/fr\/wp-json\/wp\/v2\/pages"}],"about":[{"href":"https:\/\/www.arctus.com\/fr\/wp-json\/wp\/v2\/types\/page"}],"author":[{"embeddable":true,"href":"https:\/\/www.arctus.com\/fr\/wp-json\/wp\/v2\/users\/2"}],"replies":[{"embeddable":true,"href":"https:\/\/www.arctus.com\/fr\/wp-json\/wp\/v2\/comments?post=12285"}],"version-history":[{"count":3,"href":"https:\/\/www.arctus.com\/fr\/wp-json\/wp\/v2\/pages\/12285\/revisions"}],"predecessor-version":[{"id":12332,"href":"https:\/\/www.arctus.com\/fr\/wp-json\/wp\/v2\/pages\/12285\/revisions\/12332"}],"wp:attachment":[{"href":"https:\/\/www.arctus.com\/fr\/wp-json\/wp\/v2\/media?parent=12285"}],"curies":[{"name":"wp","href":"https:\/\/api.w.org\/{rel}","templated":true}]}}