{"id":1782,"date":"2022-06-22T18:41:20","date_gmt":"2022-06-22T16:41:20","guid":{"rendered":"https:\/\/www.arctus.com\/?page_id=1782"},"modified":"2025-02-27T15:01:16","modified_gmt":"2025-02-27T14:01:16","slug":"mentions-legales","status":"publish","type":"page","link":"https:\/\/www.arctus.com\/fr\/mentions-legales\/","title":{"rendered":"Mentions l\u00e9gales"},"content":{"rendered":"\t\t<div data-elementor-type=\"wp-page\" data-elementor-id=\"1782\" class=\"elementor elementor-1782\" data-elementor-post-type=\"page\">\n\t\t\t\t\t\t<section class=\"elementor-section elementor-top-section elementor-element elementor-element-f158661 elementor-section-full_width elementor-section-height-min-height elementor-section-height-default elementor-section-items-middle\" data-id=\"f158661\" data-element_type=\"section\" data-settings=\"{&quot;background_background&quot;:&quot;classic&quot;}\">\n\t\t\t\t\t\t<div class=\"elementor-container elementor-column-gap-no\">\n\t\t\t\t\t<div class=\"elementor-column elementor-col-16 elementor-top-column elementor-element elementor-element-b0b5614\" data-id=\"b0b5614\" data-element_type=\"column\" data-settings=\"{&quot;background_background&quot;:&quot;classic&quot;}\">\n\t\t\t<div class=\"elementor-widget-wrap\">\n\t\t\t\t\t\t\t<\/div>\n\t\t<\/div>\n\t\t\t\t<div class=\"elementor-column elementor-col-66 elementor-top-column elementor-element elementor-element-ea9a5b5\" data-id=\"ea9a5b5\" data-element_type=\"column\" data-settings=\"{&quot;background_background&quot;:&quot;classic&quot;}\">\n\t\t\t<div class=\"elementor-widget-wrap elementor-element-populated\">\n\t\t\t\t\t\t<div class=\"elementor-element elementor-element-3990ecc elementor-widget elementor-widget-heading\" data-id=\"3990ecc\" data-element_type=\"widget\" data-widget_type=\"heading.default\">\n\t\t\t\t<div class=\"elementor-widget-container\">\n\t\t\t\t\t<h1 class=\"elementor-heading-title elementor-size-default\">CR\u00c9DITS &amp; MENTIONS L\u00c9GALES<\/h1>\t\t\t\t<\/div>\n\t\t\t\t<\/div>\n\t\t\t\t\t<\/div>\n\t\t<\/div>\n\t\t\t\t<div class=\"elementor-column elementor-col-16 elementor-top-column elementor-element elementor-element-26d8f79\" data-id=\"26d8f79\" data-element_type=\"column\" data-settings=\"{&quot;background_background&quot;:&quot;classic&quot;}\">\n\t\t\t<div class=\"elementor-widget-wrap\">\n\t\t\t\t\t\t\t<\/div>\n\t\t<\/div>\n\t\t\t\t\t<\/div>\n\t\t<\/section>\n\t\t\t\t<section class=\"elementor-section elementor-top-section elementor-element elementor-element-04255c4 elementor-section-full_width elementor-section-height-default elementor-section-height-default\" data-id=\"04255c4\" data-element_type=\"section\">\n\t\t\t\t\t\t<div class=\"elementor-container elementor-column-gap-no\">\n\t\t\t\t\t<div class=\"elementor-column elementor-col-16 elementor-top-column elementor-element elementor-element-4023688\" data-id=\"4023688\" data-element_type=\"column\" data-settings=\"{&quot;background_background&quot;:&quot;classic&quot;}\">\n\t\t\t<div class=\"elementor-widget-wrap\">\n\t\t\t\t\t\t\t<\/div>\n\t\t<\/div>\n\t\t\t\t<div class=\"elementor-column elementor-col-66 elementor-top-column elementor-element elementor-element-4915c21\" data-id=\"4915c21\" data-element_type=\"column\" data-settings=\"{&quot;background_background&quot;:&quot;classic&quot;}\">\n\t\t\t<div class=\"elementor-widget-wrap elementor-element-populated\">\n\t\t\t\t\t\t<div class=\"elementor-element elementor-element-93fad18 elementor-widget elementor-widget-heading\" data-id=\"93fad18\" data-element_type=\"widget\" data-widget_type=\"heading.default\">\n\t\t\t\t<div class=\"elementor-widget-container\">\n\t\t\t\t\t<h2 class=\"elementor-heading-title elementor-size-default\">MENTIONS L\u00c9GALES <\/h2>\t\t\t\t<\/div>\n\t\t\t\t<\/div>\n\t\t\t\t<div class=\"elementor-element elementor-element-5b2cab5 elementor-widget elementor-widget-text-editor\" data-id=\"5b2cab5\" data-element_type=\"widget\" data-widget_type=\"text-editor.default\">\n\t\t\t\t<div class=\"elementor-widget-container\">\n\t\t\t\t\t\t\t\t\t<p>Le site www.arctus.com est \u00e9dit\u00e9 par la soci\u00e9t\u00e9 ARCTUS au capital de 9 000 euros, immatricul\u00e9e au registre du commerce et des soci\u00e9t\u00e9s sous le num\u00e9ro RCS Paris 497 635 334 et dont le si\u00e8ge social est situ\u00e9 au 46 rue Sainte-Anne, Paris 75002.<\/p><p>Pour le plus grand respect de votre vie priv\u00e9e, www.arctus.com traite toutes les informations vous concernant avec la plus stricte confidentialit\u00e9. www.arctus.com respecte les dispositions de la Commission Nationale de l&rsquo;Informatique et des Libert\u00e9s. Consultez notre charte \u00e9thique d\u00e9taill\u00e9e <strong><span style=\"color: #0000ff;\"><a style=\"color: #0000ff;\" href=\"\/wp-content\/uploads\/2022\/07\/Charte-ethique-Arctus.pdf\" target=\"_blank\" rel=\"noopener\"><span style=\"text-decoration: underline;\">ici<\/span><\/a>.<\/span><\/strong><\/p><p>Conform\u00e9ment \u00e0 la loi Informatique et libert\u00e9s du 6 janvier 1978, vous disposez d&rsquo;un droit d&rsquo;acc\u00e8s et de rectification des donn\u00e9es vous concernant.<br \/>www.arctus.com ne vend pas et ne loue pas les adresses (e-mails ou physiques) ni aucune autre information personnelle relative \u00e0 ses contacts.<br \/>Pour toute information, ou modification, vous pouvez contacter ARCTUS par mail \u00e0 l&rsquo;adresse contact@arctus.com<\/p><p>ARCTUS est une marque d\u00e9pos\u00e9e \u00e0 l&rsquo;usage exclusif de la soci\u00e9t\u00e9 ARCTUS.<\/p>\t\t\t\t\t\t\t\t<\/div>\n\t\t\t\t<\/div>\n\t\t\t\t<div class=\"elementor-element elementor-element-c93917c elementor-widget elementor-widget-heading\" data-id=\"c93917c\" data-element_type=\"widget\" data-widget_type=\"heading.default\">\n\t\t\t\t<div class=\"elementor-widget-container\">\n\t\t\t\t\t<h2 class=\"elementor-heading-title elementor-size-default\">DROITS DE PROPRI\u00c9T\u00c9 INTELLECTUELLE<\/h2>\t\t\t\t<\/div>\n\t\t\t\t<\/div>\n\t\t\t\t<div class=\"elementor-element elementor-element-e4fe826 elementor-widget elementor-widget-text-editor\" data-id=\"e4fe826\" data-element_type=\"widget\" data-widget_type=\"text-editor.default\">\n\t\t\t\t<div class=\"elementor-widget-container\">\n\t\t\t\t\t\t\t\t\t<p>L&rsquo;utilisateur du site reconna\u00eet que le contenu du site www.arctus.com est prot\u00e9g\u00e9 par le droit national et international de la propri\u00e9t\u00e9 intellectuelle et qu&rsquo;il ne peut \u00eatre copi\u00e9, reproduit, republi\u00e9, t\u00e9l\u00e9charg\u00e9, post\u00e9, transmis, distribu\u00e9, vendu, exploit\u00e9 ou modifi\u00e9 d&rsquo;aucune mani\u00e8re que ce soit sans l&rsquo;autorisation expresse de ARCTUS.<br \/><br \/>ARCTUS conc\u00e8de le droit d&rsquo;utiliser le site www.arctus.com uniquement \u00e0 des fins personnelles et \u00e0 l&rsquo;exclusion de tout but commercial ou professionnel.<br \/><br \/>ARCTUS reste propri\u00e9taire exclusif de tous les droits de propri\u00e9t\u00e9 intellectuelle portant sur le site www.arctus.com. Cela comprend notamment, mais sans s&rsquo;y limiter, les programmes, les donn\u00e9es et \u00e9galement les enregistrements audio, les textes, les images, les graphismes et les vid\u00e9os qui sont prot\u00e9g\u00e9s par la r\u00e9glementation sur le droit de la propri\u00e9t\u00e9 intellectuelle et les droits d&rsquo;auteur (y compris le droit des brevets et des marques) et les dispositions l\u00e9gales internationales en vigueur relatives \u00e0 la propri\u00e9t\u00e9 intellectuelle.<br \/><br \/>Les marques et logos, associ\u00e9s \u00e0 la marque ARCTUS figurant sur le site, sont la propri\u00e9t\u00e9 de ARCTUS ou font l&rsquo;objet d&rsquo;une autorisation d&rsquo;utilisation.<br \/><br \/>ARCTUS se r\u00e9serve le droit de poursuivre tout acte de contrefa\u00e7on de ses droits de propri\u00e9t\u00e9 intellectuelle, selon l&rsquo;article L 335-2 et suivants du Code de la Propri\u00e9t\u00e9 Intellectuelle, y compris dans le cadre d&rsquo;une action p\u00e9nale.<\/p>\t\t\t\t\t\t\t\t<\/div>\n\t\t\t\t<\/div>\n\t\t\t\t<div class=\"elementor-element elementor-element-fd47c57 elementor-widget elementor-widget-heading\" data-id=\"fd47c57\" data-element_type=\"widget\" data-widget_type=\"heading.default\">\n\t\t\t\t<div class=\"elementor-widget-container\">\n\t\t\t\t\t<h2 class=\"elementor-heading-title elementor-size-default\">POLITIQUE DE DONN\u00c9ES<\/h2>\t\t\t\t<\/div>\n\t\t\t\t<\/div>\n\t\t\t\t<div class=\"elementor-element elementor-element-583684d elementor-widget elementor-widget-text-editor\" data-id=\"583684d\" data-element_type=\"widget\" data-widget_type=\"text-editor.default\">\n\t\t\t\t<div class=\"elementor-widget-container\">\n\t\t\t\t\t\t\t\t\t<p>En France, les donn\u00e9es personnelles sont notamment prot\u00e9g\u00e9es par la loi n\u00b0 78- 87 du 6 janvier 1978, la loi n\u00b0 2004-801 du 6 ao\u00fbt 2004, l&rsquo;article L. 226-13 du Code p\u00e9nal et la Directive Europ\u00e9enne du 24 octobre 1995.<br \/><br \/>A l&rsquo;occasion de l&rsquo;utilisation du site www.arctus.com, peuvent \u00eatre recueillies : l&rsquo;URL des liens par l&rsquo;interm\u00e9diaire desquels l&rsquo;utilisateur a acc\u00e9d\u00e9 au site www.arctus.com, le fournisseur d&rsquo;acc\u00e8s de l&rsquo;utilisateur, l&rsquo;adresse de protocole Internet (IP) de l&rsquo;utilisateur.<br \/><br \/>En tout \u00e9tat de cause ARCTUS ne collecte des informations personnelles relatives \u00e0 l&rsquo;utilisateur que pour le besoin de certains services propos\u00e9s par le site www.arctus.com.<br \/>L&rsquo;utilisateur fournit ces informations en toute connaissance de cause, notamment lorsqu&rsquo;il proc\u00e8de par lui-m\u00eame \u00e0 leur saisie. Il est alors pr\u00e9cis\u00e9 \u00e0 l&rsquo;utilisateur du site www.arctus.com l&rsquo;obligation ou non de fournir ces informations.<br \/><br \/>Conform\u00e9ment aux dispositions des articles 38 et suivants de la loi 78-17 du 6 janvier 1978 relative \u00e0 l&rsquo;informatique, aux fichiers et aux libert\u00e9s, tout utilisateur dispose d&rsquo;un droit d&rsquo;acc\u00e8s, de rectification et d&rsquo;opposition aux donn\u00e9es personnelles le concernant, en effectuant sa demande \u00e9crite et sign\u00e9e, accompagn\u00e9e d&rsquo;une copie du titre d&rsquo;identit\u00e9 avec signature du titulaire de la pi\u00e8ce, en pr\u00e9cisant l&rsquo;adresse \u00e0 laquelle la r\u00e9ponse doit \u00eatre envoy\u00e9e.<br \/><br \/>Aucune information personnelle de l&rsquo;utilisateur du site www.arctus.com n&rsquo;est publi\u00e9e \u00e0 l&rsquo;insu de l&rsquo;utilisateur, \u00e9chang\u00e9e, transf\u00e9r\u00e9e, c\u00e9d\u00e9e ou vendue sur un support quelconque \u00e0 des tiers. Seule l&rsquo;hypoth\u00e8se du rachat de ARCTUS et de ses droits permettrait la transmission des dites informations \u00e0 l&rsquo;\u00e9ventuel acqu\u00e9reur qui serait \u00e0 son tour tenu de la m\u00eame obligation de conservation et de modification des donn\u00e9es vis \u00e0 vis de l&rsquo;utilisateur du site www.arctus.com.<br \/><br \/>Les bases de donn\u00e9es sont prot\u00e9g\u00e9es par les dispositions de la loi du 1er juillet 1998 transposant la directive 96\/9 du 11 mars 1996 relative \u00e0 la protection juridique des bases de donn\u00e9es.<\/p>\t\t\t\t\t\t\t\t<\/div>\n\t\t\t\t<\/div>\n\t\t\t\t<div class=\"elementor-element elementor-element-8f8af73 elementor-widget elementor-widget-heading\" data-id=\"8f8af73\" data-element_type=\"widget\" data-widget_type=\"heading.default\">\n\t\t\t\t<div class=\"elementor-widget-container\">\n\t\t\t\t\t<h2 class=\"elementor-heading-title elementor-size-default\">POLITIQUE DE COOKIES<\/h2>\t\t\t\t<\/div>\n\t\t\t\t<\/div>\n\t\t\t\t<div class=\"elementor-element elementor-element-e84fa21 elementor-widget elementor-widget-text-editor\" data-id=\"e84fa21\" data-element_type=\"widget\" data-widget_type=\"text-editor.default\">\n\t\t\t\t<div class=\"elementor-widget-container\">\n\t\t\t\t\t\t\t\t\t<p><strong>Qu\u2019est-ce qu\u2019un \u00ab cookie \u00bb ?<\/strong><br \/>Un cookie est un fichier texte d\u00e9pos\u00e9 sur votre terminal (ordinateur, mobile, tablette) lors de la consultation d\u2019un site internet. Il enregistre des informations relatives \u00e0 votre navigation sur ce site, et permet \u00e0 son \u00e9metteur d\u2019identifier le terminal sur lequel il est enregistr\u00e9, pendant la dur\u00e9e de validit\u00e9 dudit cookie.<br \/>Certains cookies sont indispensables \u00e0 l\u2019utilisation du site.<\/p><p><strong>Dans quel but utilisons-nous des cookies ?<\/strong><br \/>Dans le cadre de notre suivi statistique, nous utilisons des cookies. En utilisant notre site, vous acceptez que des fournisseurs tiers, y compris Google, utilisent les informations des cookies<\/p><ul><li>Cookies n\u00e9cessaires \u00e0 l\u2019utilisation du site :<br \/>Il s\u2019agit des cookies indispensables \u00e0 la navigation sur notre site qui vous permettent d\u2019utiliser les principales fonctionnalit\u00e9s du site et de s\u00e9curiser votre connexion. Ces cookies sont exclusivement \u00e9mis par Arctus. En d\u00e9sactivant l\u2019utilisation de ces cookies, il se peut que vous ne puissiez plus b\u00e9n\u00e9ficier de certaines fonctionnalit\u00e9s du site.<\/li><li>Cookies de performance et de fonctionnement :<br \/>Ces cookies ne sont pas indispensables \u00e0 l\u2019utilisation du site, mais permettent d\u2019optimiser le fonctionnement de notre site. Ils permettent par exemple d\u2019adapter la pr\u00e9sentation du site en fonction des pr\u00e9f\u00e9rences d\u2019affichage de votre terminal. Ces cookies sont \u00e9galement exclusivement d\u00e9pos\u00e9s par Arctus.<\/li><li>Cookies analytiques :<br \/>Il s\u2019agit de cookies (\u00e9mis par des tiers) nous permettant d\u2019\u00e9tablir des statistiques d\u2019utilisation de notre site, afin de mieux comprendre la navigation et l\u2019int\u00e9r\u00eat que vous portez \u00e0 nos services.<\/li><\/ul><p><strong>Google Analytics<\/strong><br \/>Notre site web utilise Google Analytics, un outil Google d\u2019analyse d\u2019audience Internet nous permettant de mieux comprendre le comportement des utilisateurs. Cet outil peut utiliser des cookies pour collecter des informations anonymes et g\u00e9n\u00e9rer des rapports sur les statistiques d\u2019utilisation de notre site (sans identification individuelle).<br \/>La collecte d\u2019information par Google peut \u00eatre d\u00e9sactiv\u00e9e par l\u2019utilisation\u00a0<a href=\"https:\/\/tools.google.com\/dlpage\/gaoptout?hl=fr\">d\u2019un module Google.<\/a><\/p><p><strong>Comment s\u2019opposer ou limiter les cookies ?<\/strong><br \/>Vous avez la possibilit\u00e9 de vous opposer ou de limiter l\u2019enregistrement des cookies en configurant votre logiciel de navigation (Internet Explorer, Crome, Firefox, etc.). Veuillez-vous rapporter \u00e0 la rubrique d\u2019aide de votre navigateur internet pour tous les d\u00e9tails techniques sur les options disponibles concernant l\u2019enregistrement de cookies sur votre terminal. Pour de plus amples informations sur la gestion des cookies, vous pouvez vous r\u00e9f\u00e9rer \u00e0\u00a0<a href=\"https:\/\/www.cnil.fr\/fr\/cookies-les-outils-pour-les-maitriser\">la page d\u00e9di\u00e9e du site de la CNIL.<\/a><\/p><p>Il est important de noter que si vous refusez l\u2019enregistrement de certains cookies, ceci pourra affecter le bon fonctionnement de certaines fonctionnalit\u00e9s du site.<\/p>\t\t\t\t\t\t\t\t<\/div>\n\t\t\t\t<\/div>\n\t\t\t\t<div class=\"elementor-element elementor-element-6ad2f9c elementor-widget elementor-widget-heading\" data-id=\"6ad2f9c\" data-element_type=\"widget\" data-widget_type=\"heading.default\">\n\t\t\t\t<div class=\"elementor-widget-container\">\n\t\t\t\t\t<h2 class=\"elementor-heading-title elementor-size-default\">CR\u00c9DITS<\/h2>\t\t\t\t<\/div>\n\t\t\t\t<\/div>\n\t\t\t\t<div class=\"elementor-element elementor-element-a9ecdb2 elementor-widget elementor-widget-text-editor\" data-id=\"a9ecdb2\" data-element_type=\"widget\" data-widget_type=\"text-editor.default\">\n\t\t\t\t<div class=\"elementor-widget-container\">\n\t\t\t\t\t\t\t\t\t<p>Directrice de la publication : Isabelle Reyre<\/p><p>H\u00e9bergement : OVH<\/p><p class=\"no-margin\">Design par Patricia Therrachon<br \/><strong>www.patriciatherrachon.fr<\/strong><\/p><p>Conception et d\u00e9veloppement par L&rsquo;agence du coin<br \/>D\u00e9velopp\u00e9 par Marien Bournicon<\/p><p>Cr\u00e9dit photo : Shutterstock, Pexel, Unsplash, Arctus, Laurent Mayeux<\/p><p>Si vous notez des dysfonctionnements sur ce site, merci de nous contacter \u00e0 l&rsquo;adresse suivante : contact@arctus.com<\/p>\t\t\t\t\t\t\t\t<\/div>\n\t\t\t\t<\/div>\n\t\t\t\t\t<\/div>\n\t\t<\/div>\n\t\t\t\t<div class=\"elementor-column elementor-col-16 elementor-top-column elementor-element elementor-element-119e801\" data-id=\"119e801\" data-element_type=\"column\" data-settings=\"{&quot;background_background&quot;:&quot;classic&quot;}\">\n\t\t\t<div class=\"elementor-widget-wrap\">\n\t\t\t\t\t\t\t<\/div>\n\t\t<\/div>\n\t\t\t\t\t<\/div>\n\t\t<\/section>\n\t\t\t\t<\/div>\n\t\t","protected":false},"excerpt":{"rendered":"<p>CR\u00c9DITS &#038; MENTIONS L\u00c9GALES MENTIONS L\u00c9GALES Le site www.arctus.com est \u00e9dit\u00e9 par la soci\u00e9t\u00e9 ARCTUS au capital de 9 000 euros, immatricul\u00e9e au registre du commerce et des soci\u00e9t\u00e9s sous le num\u00e9ro RCS Paris 497 635 334 et dont le si\u00e8ge social est situ\u00e9 au 46 rue Sainte-Anne, Paris 75002. Pour le plus grand respect [&hellip;]<\/p>\n","protected":false},"author":1,"featured_media":0,"parent":0,"menu_order":0,"comment_status":"closed","ping_status":"closed","template":"","meta":{"_acf_changed":false,"footnotes":""},"class_list":["post-1782","page","type-page","status-publish","hentry"],"acf":[],"yoast_head":"<!-- This site is optimized with the Yoast SEO Premium plugin v26.8 (Yoast SEO v26.8) - https:\/\/yoast.com\/product\/yoast-seo-premium-wordpress\/ -->\n<title>Mentions l\u00e9gales - Arctus<\/title>\n<meta name=\"robots\" content=\"index, follow, max-snippet:-1, max-image-preview:large, max-video-preview:-1\" \/>\n<link rel=\"canonical\" href=\"https:\/\/www.arctus.com\/fr\/mentions-legales\/\" \/>\n<meta property=\"og:locale\" content=\"fr_FR\" \/>\n<meta property=\"og:type\" content=\"article\" \/>\n<meta property=\"og:title\" content=\"Mentions l\u00e9gales\" \/>\n<meta property=\"og:description\" content=\"CR\u00c9DITS &#038; MENTIONS L\u00c9GALES MENTIONS L\u00c9GALES Le site www.arctus.com est \u00e9dit\u00e9 par la soci\u00e9t\u00e9 ARCTUS au capital de 9 000 euros, immatricul\u00e9e au registre du commerce et des soci\u00e9t\u00e9s sous le num\u00e9ro RCS Paris 497 635 334 et dont le si\u00e8ge social est situ\u00e9 au 46 rue Sainte-Anne, Paris 75002. Pour le plus grand respect [&hellip;]\" \/>\n<meta property=\"og:url\" content=\"https:\/\/www.arctus.com\/fr\/mentions-legales\/\" \/>\n<meta property=\"og:site_name\" content=\"Arctus\" \/>\n<meta property=\"article:modified_time\" content=\"2025-02-27T14:01:16+00:00\" \/>\n<meta name=\"twitter:card\" content=\"summary_large_image\" \/>\n<meta name=\"twitter:label1\" content=\"Dur\u00e9e de lecture estim\u00e9e\" \/>\n\t<meta name=\"twitter:data1\" content=\"6 minutes\" \/>\n<script type=\"application\/ld+json\" class=\"yoast-schema-graph\">{\"@context\":\"https:\/\/schema.org\",\"@graph\":[{\"@type\":\"WebPage\",\"@id\":\"https:\/\/www.arctus.com\/fr\/mentions-legales\/\",\"url\":\"https:\/\/www.arctus.com\/fr\/mentions-legales\/\",\"name\":\"Mentions l\u00e9gales - Arctus\",\"isPartOf\":{\"@id\":\"https:\/\/www.arctus.com\/fr\/#website\"},\"datePublished\":\"2022-06-22T16:41:20+00:00\",\"dateModified\":\"2025-02-27T14:01:16+00:00\",\"breadcrumb\":{\"@id\":\"https:\/\/www.arctus.com\/fr\/mentions-legales\/#breadcrumb\"},\"inLanguage\":\"fr-FR\",\"potentialAction\":[{\"@type\":\"ReadAction\",\"target\":[\"https:\/\/www.arctus.com\/fr\/mentions-legales\/\"]}]},{\"@type\":\"BreadcrumbList\",\"@id\":\"https:\/\/www.arctus.com\/fr\/mentions-legales\/#breadcrumb\",\"itemListElement\":[{\"@type\":\"ListItem\",\"position\":1,\"name\":\"Accueil\",\"item\":\"https:\/\/www.arctus.com\/\"},{\"@type\":\"ListItem\",\"position\":2,\"name\":\"Mentions l\u00e9gales\"}]},{\"@type\":\"WebSite\",\"@id\":\"https:\/\/www.arctus.com\/fr\/#website\",\"url\":\"https:\/\/www.arctus.com\/fr\/\",\"name\":\"Arctus\",\"description\":\"Expert en transformation digitale interne\",\"publisher\":{\"@id\":\"https:\/\/www.arctus.com\/fr\/#organization\"},\"potentialAction\":[{\"@type\":\"SearchAction\",\"target\":{\"@type\":\"EntryPoint\",\"urlTemplate\":\"https:\/\/www.arctus.com\/fr\/?s={search_term_string}\"},\"query-input\":{\"@type\":\"PropertyValueSpecification\",\"valueRequired\":true,\"valueName\":\"search_term_string\"}}],\"inLanguage\":\"fr-FR\"},{\"@type\":\"Organization\",\"@id\":\"https:\/\/www.arctus.com\/fr\/#organization\",\"name\":\"Arctus\",\"url\":\"https:\/\/www.arctus.com\/fr\/\",\"logo\":{\"@type\":\"ImageObject\",\"inLanguage\":\"fr-FR\",\"@id\":\"https:\/\/www.arctus.com\/fr\/#\/schema\/logo\/image\/\",\"url\":\"https:\/\/www.arctus.com\/wp-content\/uploads\/2022\/05\/arctus-logo-menu.png\",\"contentUrl\":\"https:\/\/www.arctus.com\/wp-content\/uploads\/2022\/05\/arctus-logo-menu.png\",\"width\":202,\"height\":66,\"caption\":\"Arctus\"},\"image\":{\"@id\":\"https:\/\/www.arctus.com\/fr\/#\/schema\/logo\/image\/\"},\"sameAs\":[\"https:\/\/www.linkedin.com\/company\/arctus\/\"]}]}<\/script>\n<!-- \/ Yoast SEO Premium plugin. -->","yoast_head_json":{"title":"Mentions l\u00e9gales - Arctus","robots":{"index":"index","follow":"follow","max-snippet":"max-snippet:-1","max-image-preview":"max-image-preview:large","max-video-preview":"max-video-preview:-1"},"canonical":"https:\/\/www.arctus.com\/fr\/mentions-legales\/","og_locale":"fr_FR","og_type":"article","og_title":"Mentions l\u00e9gales","og_description":"CR\u00c9DITS &#038; MENTIONS L\u00c9GALES MENTIONS L\u00c9GALES Le site www.arctus.com est \u00e9dit\u00e9 par la soci\u00e9t\u00e9 ARCTUS au capital de 9 000 euros, immatricul\u00e9e au registre du commerce et des soci\u00e9t\u00e9s sous le num\u00e9ro RCS Paris 497 635 334 et dont le si\u00e8ge social est situ\u00e9 au 46 rue Sainte-Anne, Paris 75002. Pour le plus grand respect [&hellip;]","og_url":"https:\/\/www.arctus.com\/fr\/mentions-legales\/","og_site_name":"Arctus","article_modified_time":"2025-02-27T14:01:16+00:00","twitter_card":"summary_large_image","twitter_misc":{"Dur\u00e9e de lecture estim\u00e9e":"6 minutes"},"schema":{"@context":"https:\/\/schema.org","@graph":[{"@type":"WebPage","@id":"https:\/\/www.arctus.com\/fr\/mentions-legales\/","url":"https:\/\/www.arctus.com\/fr\/mentions-legales\/","name":"Mentions l\u00e9gales - Arctus","isPartOf":{"@id":"https:\/\/www.arctus.com\/fr\/#website"},"datePublished":"2022-06-22T16:41:20+00:00","dateModified":"2025-02-27T14:01:16+00:00","breadcrumb":{"@id":"https:\/\/www.arctus.com\/fr\/mentions-legales\/#breadcrumb"},"inLanguage":"fr-FR","potentialAction":[{"@type":"ReadAction","target":["https:\/\/www.arctus.com\/fr\/mentions-legales\/"]}]},{"@type":"BreadcrumbList","@id":"https:\/\/www.arctus.com\/fr\/mentions-legales\/#breadcrumb","itemListElement":[{"@type":"ListItem","position":1,"name":"Accueil","item":"https:\/\/www.arctus.com\/"},{"@type":"ListItem","position":2,"name":"Mentions l\u00e9gales"}]},{"@type":"WebSite","@id":"https:\/\/www.arctus.com\/fr\/#website","url":"https:\/\/www.arctus.com\/fr\/","name":"Arctus","description":"Expert en transformation digitale interne","publisher":{"@id":"https:\/\/www.arctus.com\/fr\/#organization"},"potentialAction":[{"@type":"SearchAction","target":{"@type":"EntryPoint","urlTemplate":"https:\/\/www.arctus.com\/fr\/?s={search_term_string}"},"query-input":{"@type":"PropertyValueSpecification","valueRequired":true,"valueName":"search_term_string"}}],"inLanguage":"fr-FR"},{"@type":"Organization","@id":"https:\/\/www.arctus.com\/fr\/#organization","name":"Arctus","url":"https:\/\/www.arctus.com\/fr\/","logo":{"@type":"ImageObject","inLanguage":"fr-FR","@id":"https:\/\/www.arctus.com\/fr\/#\/schema\/logo\/image\/","url":"https:\/\/www.arctus.com\/wp-content\/uploads\/2022\/05\/arctus-logo-menu.png","contentUrl":"https:\/\/www.arctus.com\/wp-content\/uploads\/2022\/05\/arctus-logo-menu.png","width":202,"height":66,"caption":"Arctus"},"image":{"@id":"https:\/\/www.arctus.com\/fr\/#\/schema\/logo\/image\/"},"sameAs":["https:\/\/www.linkedin.com\/company\/arctus\/"]}]}},"_links":{"self":[{"href":"https:\/\/www.arctus.com\/fr\/wp-json\/wp\/v2\/pages\/1782","targetHints":{"allow":["GET"]}}],"collection":[{"href":"https:\/\/www.arctus.com\/fr\/wp-json\/wp\/v2\/pages"}],"about":[{"href":"https:\/\/www.arctus.com\/fr\/wp-json\/wp\/v2\/types\/page"}],"author":[{"embeddable":true,"href":"https:\/\/www.arctus.com\/fr\/wp-json\/wp\/v2\/users\/1"}],"replies":[{"embeddable":true,"href":"https:\/\/www.arctus.com\/fr\/wp-json\/wp\/v2\/comments?post=1782"}],"version-history":[{"count":3,"href":"https:\/\/www.arctus.com\/fr\/wp-json\/wp\/v2\/pages\/1782\/revisions"}],"predecessor-version":[{"id":14845,"href":"https:\/\/www.arctus.com\/fr\/wp-json\/wp\/v2\/pages\/1782\/revisions\/14845"}],"wp:attachment":[{"href":"https:\/\/www.arctus.com\/fr\/wp-json\/wp\/v2\/media?parent=1782"}],"curies":[{"name":"wp","href":"https:\/\/api.w.org\/{rel}","templated":true}]}}