{"id":623,"date":"2022-05-25T17:44:43","date_gmt":"2022-05-25T15:44:43","guid":{"rendered":"https:\/\/www.arctus.com\/?page_id=623"},"modified":"2025-09-01T14:41:38","modified_gmt":"2025-09-01T12:41:38","slug":"nos-offres-demploi","status":"publish","type":"page","link":"https:\/\/www.arctus.com\/fr\/nos-offres-demploi\/","title":{"rendered":"Nos offres d&#8217;emploi"},"content":{"rendered":"\t\t<div data-elementor-type=\"wp-page\" data-elementor-id=\"623\" class=\"elementor elementor-623\" data-elementor-post-type=\"page\">\n\t\t\t\t\t\t<section class=\"elementor-section elementor-top-section elementor-element elementor-element-e4b2049 elementor-section-full_width elementor-section-height-min-height elementor-section-height-default elementor-section-items-middle\" data-id=\"e4b2049\" data-element_type=\"section\" data-settings=\"{&quot;background_background&quot;:&quot;classic&quot;}\">\n\t\t\t\t\t\t<div class=\"elementor-container elementor-column-gap-no\">\n\t\t\t\t\t<div class=\"elementor-column elementor-col-16 elementor-top-column elementor-element elementor-element-57f0147 elementor-hidden-mobile\" data-id=\"57f0147\" data-element_type=\"column\" data-settings=\"{&quot;background_background&quot;:&quot;classic&quot;}\">\n\t\t\t<div class=\"elementor-widget-wrap\">\n\t\t\t\t\t\t\t<\/div>\n\t\t<\/div>\n\t\t\t\t<div class=\"elementor-column elementor-col-66 elementor-top-column elementor-element elementor-element-9b96485\" data-id=\"9b96485\" data-element_type=\"column\" data-settings=\"{&quot;background_background&quot;:&quot;classic&quot;}\">\n\t\t\t<div class=\"elementor-widget-wrap elementor-element-populated\">\n\t\t\t\t\t\t<div class=\"elementor-element elementor-element-8317da9 elementor-widget elementor-widget-heading\" data-id=\"8317da9\" data-element_type=\"widget\" data-widget_type=\"heading.default\">\n\t\t\t\t<div class=\"elementor-widget-container\">\n\t\t\t\t\t<h1 class=\"elementor-heading-title elementor-size-default\">NOS OFFRES d'emploi<\/h1>\t\t\t\t<\/div>\n\t\t\t\t<\/div>\n\t\t\t\t<div class=\"elementor-element elementor-element-dd5daf8 animated-slow elementor-invisible elementor-widget elementor-widget-text-editor\" data-id=\"dd5daf8\" data-element_type=\"widget\" data-settings=\"{&quot;_animation&quot;:&quot;fadeInLeft&quot;}\" data-widget_type=\"text-editor.default\">\n\t\t\t\t<div class=\"elementor-widget-container\">\n\t\t\t\t\t\t\t\t\t<p>Rejoignez l&rsquo;\u00e9quipe Arctus \u2728 et sa structure \u00e0 taille humaine ! <br \/>Nous recherchons des personnes curieuses, sensibles aux valeurs humaines, avides d&rsquo;innovations, passionn\u00e9es par le digital. <br \/>D\u00e9couvrez nos offres et contactez-nous.\u00a0<\/p>\t\t\t\t\t\t\t\t<\/div>\n\t\t\t\t<\/div>\n\t\t\t\t\t<\/div>\n\t\t<\/div>\n\t\t\t\t<div class=\"elementor-column elementor-col-16 elementor-top-column elementor-element elementor-element-85097fb elementor-hidden-mobile\" data-id=\"85097fb\" data-element_type=\"column\" data-settings=\"{&quot;background_background&quot;:&quot;classic&quot;}\">\n\t\t\t<div class=\"elementor-widget-wrap\">\n\t\t\t\t\t\t\t<\/div>\n\t\t<\/div>\n\t\t\t\t\t<\/div>\n\t\t<\/section>\n\t\t\t\t<section class=\"elementor-section elementor-top-section elementor-element elementor-element-860c53 elementor-section-full_width mb-blog elementor-section-height-default elementor-section-height-default\" data-id=\"860c53\" data-element_type=\"section\">\n\t\t\t\t\t\t<div class=\"elementor-container elementor-column-gap-no\">\n\t\t\t\t\t<div class=\"elementor-column elementor-col-16 elementor-top-column elementor-element elementor-element-106298bd elementor-hidden-mobile\" data-id=\"106298bd\" data-element_type=\"column\" data-settings=\"{&quot;background_background&quot;:&quot;classic&quot;}\">\n\t\t\t<div class=\"elementor-widget-wrap\">\n\t\t\t\t\t\t\t<\/div>\n\t\t<\/div>\n\t\t\t\t<div class=\"elementor-column elementor-col-66 elementor-top-column elementor-element elementor-element-54035601\" data-id=\"54035601\" data-element_type=\"column\" data-settings=\"{&quot;background_background&quot;:&quot;classic&quot;}\">\n\t\t\t<div class=\"elementor-widget-wrap elementor-element-populated\">\n\t\t\t\t\t\t<div class=\"elementor-element elementor-element-71a33f94 elementor-widget elementor-widget-heading\" data-id=\"71a33f94\" data-element_type=\"widget\" data-widget_type=\"heading.default\">\n\t\t\t\t<div class=\"elementor-widget-container\">\n\t\t\t\t\t<p class=\"elementor-heading-title elementor-size-default\"><h2>\ud83d\ude80 Rejoignez l\u2019aventure Arctus !<\/h2><p>Chez Arctus, nous croyons en une transformation digitale utile, humaine et ambitieuse.<br \/>Nos projets sont port\u00e9s par des convictions fortes, une \u00e9quipe soud\u00e9e, et une envie commune de faire bouger les lignes.<\/p><\/p>\t\t\t\t<\/div>\n\t\t\t\t<\/div>\n\t\t<div class=\"elementor-element elementor-element-8887963 e-flex e-con-boxed e-con e-parent\" data-id=\"8887963\" data-element_type=\"container\">\n\t\t\t\t\t<div class=\"e-con-inner\">\n\t\t<div class=\"elementor-element elementor-element-7ee14446 e-flex e-con-boxed e-con e-child\" data-id=\"7ee14446\" data-element_type=\"container\" data-settings=\"{&quot;background_background&quot;:&quot;classic&quot;}\">\n\t\t\t\t\t<div class=\"e-con-inner\">\n\t\t\t\t\t<\/div>\n\t\t\t\t<\/div>\n\t\t<div class=\"elementor-element elementor-element-4f348bab e-flex e-con-boxed e-con e-child\" data-id=\"4f348bab\" data-element_type=\"container\">\n\t\t\t\t\t<div class=\"e-con-inner\">\n\t\t\t\t<div class=\"elementor-element elementor-element-65a6d6a9 elementor-widget elementor-widget-text-editor\" data-id=\"65a6d6a9\" data-element_type=\"widget\" data-widget_type=\"text-editor.default\">\n\t\t\t\t<div class=\"elementor-widget-container\">\n\t\t\t\t\t\t\t\t\t<p><strong>Pourquoi nous rejoindre ?<\/strong><\/p><ul><li>\ud83d\udca1 Parce qu\u2019on aime challenger les mod\u00e8les \u00e9tablis et co-construire des solutions avec nos clients<\/li><li>\ud83c\udf0d Parce qu\u2019on travaille en confiance, avec une culture du digital bien ancr\u00e9e<\/li><li>\ud83d\udcda Parce que l\u2019apprentissage continu fait partie de notre ADN : partage d\u2019expertise, veille, exploration IA<\/li><li>\ud83e\udd1d Parce qu\u2019on valorise chaque contribution dans un environnement bienveillant, exigeant et stimulant<\/li><\/ul>\t\t\t\t\t\t\t\t<\/div>\n\t\t\t\t<\/div>\n\t\t\t\t\t<\/div>\n\t\t\t\t<\/div>\n\t\t\t\t\t<\/div>\n\t\t\t\t<\/div>\n\t\t\t\t<section class=\"elementor-section elementor-inner-section elementor-element elementor-element-695299c8 elementor-section-full_width elementor-section-height-default elementor-section-height-default\" data-id=\"695299c8\" data-element_type=\"section\" data-settings=\"{&quot;background_background&quot;:&quot;classic&quot;}\">\n\t\t\t\t\t\t<div class=\"elementor-container elementor-column-gap-default\">\n\t\t\t\t\t<div class=\"elementor-column elementor-col-100 elementor-inner-column elementor-element elementor-element-52a3b5ad\" data-id=\"52a3b5ad\" data-element_type=\"column\">\n\t\t\t<div class=\"elementor-widget-wrap elementor-element-populated\">\n\t\t\t\t\t\t<div class=\"elementor-element elementor-element-607d0c85 elementor-widget elementor-widget-text-editor\" data-id=\"607d0c85\" data-element_type=\"widget\" data-widget_type=\"text-editor.default\">\n\t\t\t\t<div class=\"elementor-widget-container\">\n\t\t\t\t\t\t\t\t\t<p><span style=\"color: #ffffff;\"><strong>En rejoignant Arctus, participez aux \u00e9volutions qui transforment l&rsquo;entreprise et le travail. Devenez un acteur du changement engag\u00e9 et trouvez du sens \u00e0 votre action professionnelle.<\/strong><\/span><\/p><p>\u00a0<\/p><h4><span style=\"color: #ffffff;\"><strong>\ud83d\udc49 Envie d\u2019en savoir pl<\/strong><\/span><span style=\"color: #ffffff;\"><strong>us sur notre culture et nos opportunit\u00e9s ?<\/strong><\/span><\/h4>\t\t\t\t\t\t\t\t<\/div>\n\t\t\t\t<\/div>\n\t\t\t\t<div class=\"elementor-element elementor-element-ac80983 elementor-align-center elementor-widget elementor-widget-button\" data-id=\"ac80983\" data-element_type=\"widget\" data-widget_type=\"button.default\">\n\t\t\t\t<div class=\"elementor-widget-container\">\n\t\t\t\t\t\t\t\t\t<div class=\"elementor-button-wrapper\">\n\t\t\t\t\t<a class=\"elementor-button elementor-button-link elementor-size-sm elementor-animation-sink\" href=\"https:\/\/www.welcometothejungle.com\/fr\/companies\/arctus?aroundQuery=worldwide&#038;refinementList%5Borganization.slug%5D%5B%5D=arctus&#038;page=1\" target=\"_blank\" rel=\"nofollow\">\n\t\t\t\t\t\t<span class=\"elementor-button-content-wrapper\">\n\t\t\t\t\t\t<span class=\"elementor-button-icon\">\n\t\t\t\t<svg xmlns=\"http:\/\/www.w3.org\/2000\/svg\" width=\"44\" height=\"30\" viewBox=\"0 0 44 30\" fill=\"none\"><path d=\"M43.4142 16.4142C44.1953 15.6332 44.1953 14.3668 43.4142 13.5858L30.6863 0.857867C29.9052 0.0768184 28.6389 0.0768183 27.8579 0.857867C27.0768 1.63892 27.0768 2.90525 27.8579 3.68629L39.1716 15L27.8579 26.3137C27.0768 27.0948 27.0768 28.3611 27.8579 29.1421C28.6389 29.9232 29.9052 29.9232 30.6863 29.1421L43.4142 16.4142ZM-1.74846e-07 17L42 17L42 13L1.74846e-07 13L-1.74846e-07 17Z\" fill=\"#00316B\"><\/path><\/svg>\t\t\t<\/span>\n\t\t\t\t\t\t\t\t\t<span class=\"elementor-button-text\">D\u00e9couvrir Arctus sur Welcome to the Jungle<\/span>\n\t\t\t\t\t<\/span>\n\t\t\t\t\t<\/a>\n\t\t\t\t<\/div>\n\t\t\t\t\t\t\t\t<\/div>\n\t\t\t\t<\/div>\n\t\t\t\t\t<\/div>\n\t\t<\/div>\n\t\t\t\t\t<\/div>\n\t\t<\/section>\n\t\t\t\t\t<\/div>\n\t\t<\/div>\n\t\t\t\t<div class=\"elementor-column elementor-col-16 elementor-top-column elementor-element elementor-element-12f0b183 elementor-hidden-mobile\" data-id=\"12f0b183\" data-element_type=\"column\" data-settings=\"{&quot;background_background&quot;:&quot;classic&quot;}\">\n\t\t\t<div class=\"elementor-widget-wrap\">\n\t\t\t\t\t\t\t<\/div>\n\t\t<\/div>\n\t\t\t\t\t<\/div>\n\t\t<\/section>\n\t\t\t\t<section class=\"elementor-section elementor-top-section elementor-element elementor-element-25c28723 elementor-section-full_width elementor-section-height-default elementor-section-height-default\" data-id=\"25c28723\" data-element_type=\"section\" data-settings=\"{&quot;background_background&quot;:&quot;classic&quot;}\">\n\t\t\t\t\t\t<div class=\"elementor-container elementor-column-gap-no\">\n\t\t\t\t\t<div class=\"elementor-column elementor-col-16 elementor-top-column elementor-element elementor-element-40a18829 elementor-hidden-mobile\" data-id=\"40a18829\" data-element_type=\"column\" data-settings=\"{&quot;background_background&quot;:&quot;classic&quot;}\">\n\t\t\t<div class=\"elementor-widget-wrap\">\n\t\t\t\t\t\t\t<\/div>\n\t\t<\/div>\n\t\t\t\t<div class=\"elementor-column elementor-col-66 elementor-top-column elementor-element elementor-element-5d281af0\" data-id=\"5d281af0\" data-element_type=\"column\" data-settings=\"{&quot;background_background&quot;:&quot;classic&quot;}\">\n\t\t\t<div class=\"elementor-widget-wrap elementor-element-populated\">\n\t\t\t\t\t\t<div class=\"elementor-element elementor-element-16e2a6cc elementor-widget elementor-widget-heading\" data-id=\"16e2a6cc\" data-element_type=\"widget\" data-widget_type=\"heading.default\">\n\t\t\t\t<div class=\"elementor-widget-container\">\n\t\t\t\t\t<h2 class=\"elementor-heading-title elementor-size-default\">NEWSLETTER<\/h2>\t\t\t\t<\/div>\n\t\t\t\t<\/div>\n\t\t\t\t<div class=\"elementor-element elementor-element-2ad34d37 elementor-widget elementor-widget-text-editor\" data-id=\"2ad34d37\" data-element_type=\"widget\" data-widget_type=\"text-editor.default\">\n\t\t\t\t<div class=\"elementor-widget-container\">\n\t\t\t\t\t\t\t\t\tPour ne rien rater, abonnez-vous \u00e0 la newsletter d\u2019Arctus\t\t\t\t\t\t\t\t<\/div>\n\t\t\t\t<\/div>\n\t\t\t\t<div class=\"elementor-element elementor-element-4f2efd18 elementor-align-center elementor-widget elementor-widget-button\" data-id=\"4f2efd18\" data-element_type=\"widget\" data-widget_type=\"button.default\">\n\t\t\t\t<div class=\"elementor-widget-container\">\n\t\t\t\t\t\t\t\t\t<div class=\"elementor-button-wrapper\">\n\t\t\t\t\t<a class=\"elementor-button elementor-button-link elementor-size-sm elementor-animation-sink\" href=\"https:\/\/arctus.us6.list-manage.com\/subscribe?u=e0c770a160f747e0d4b0e7f4b&#038;id=04d57c341d\" target=\"_blank\" rel=\"nofollow\">\n\t\t\t\t\t\t<span class=\"elementor-button-content-wrapper\">\n\t\t\t\t\t\t<span class=\"elementor-button-icon\">\n\t\t\t\t<svg xmlns=\"http:\/\/www.w3.org\/2000\/svg\" width=\"44\" height=\"30\" viewBox=\"0 0 44 30\" fill=\"none\"><path d=\"M43.4142 16.4142C44.1953 15.6332 44.1953 14.3668 43.4142 13.5858L30.6863 0.857867C29.9052 0.0768184 28.6389 0.0768183 27.8579 0.857867C27.0768 1.63892 27.0768 2.90525 27.8579 3.68629L39.1716 15L27.8579 26.3137C27.0768 27.0948 27.0768 28.3611 27.8579 29.1421C28.6389 29.9232 29.9052 29.9232 30.6863 29.1421L43.4142 16.4142ZM-1.74846e-07 17L42 17L42 13L1.74846e-07 13L-1.74846e-07 17Z\" fill=\"#00316B\"><\/path><\/svg>\t\t\t<\/span>\n\t\t\t\t\t\t\t\t\t<span class=\"elementor-button-text\">S\u2019ABONNER<\/span>\n\t\t\t\t\t<\/span>\n\t\t\t\t\t<\/a>\n\t\t\t\t<\/div>\n\t\t\t\t\t\t\t\t<\/div>\n\t\t\t\t<\/div>\n\t\t\t\t\t<\/div>\n\t\t<\/div>\n\t\t\t\t<div class=\"elementor-column elementor-col-16 elementor-top-column elementor-element elementor-element-a77a70b elementor-hidden-mobile\" data-id=\"a77a70b\" data-element_type=\"column\" data-settings=\"{&quot;background_background&quot;:&quot;classic&quot;}\">\n\t\t\t<div class=\"elementor-widget-wrap\">\n\t\t\t\t\t\t\t<\/div>\n\t\t<\/div>\n\t\t\t\t\t<\/div>\n\t\t<\/section>\n\t\t\t\t<\/div>\n\t\t","protected":false},"excerpt":{"rendered":"<p>NOS OFFRES d&#8217;emploi Rejoignez l&rsquo;\u00e9quipe Arctus \u2728 et sa structure \u00e0 taille humaine ! Nous recherchons des personnes curieuses, sensibles aux valeurs humaines, avides d&rsquo;innovations, passionn\u00e9es par le digital. D\u00e9couvrez nos offres et contactez-nous.\u00a0 \ud83d\ude80 Rejoignez l\u2019aventure Arctus ! Chez Arctus, nous croyons en une transformation digitale utile, humaine et ambitieuse.Nos projets sont port\u00e9s par [&hellip;]<\/p>\n","protected":false},"author":1,"featured_media":0,"parent":0,"menu_order":0,"comment_status":"closed","ping_status":"closed","template":"","meta":{"_acf_changed":false,"footnotes":""},"class_list":["post-623","page","type-page","status-publish","hentry"],"acf":[],"yoast_head":"<!-- This site is optimized with the Yoast SEO Premium plugin v26.8 (Yoast SEO v26.8) - https:\/\/yoast.com\/product\/yoast-seo-premium-wordpress\/ -->\n<title>Nos offres d&#039;emploi - Arctus<\/title>\n<meta name=\"robots\" content=\"index, follow, max-snippet:-1, max-image-preview:large, max-video-preview:-1\" \/>\n<link rel=\"canonical\" href=\"https:\/\/www.arctus.com\/fr\/nos-offres-demploi\/\" \/>\n<meta property=\"og:locale\" content=\"fr_FR\" \/>\n<meta property=\"og:type\" content=\"article\" \/>\n<meta property=\"og:title\" content=\"Nos offres d&#039;emploi\" \/>\n<meta property=\"og:description\" content=\"NOS OFFRES d&#8217;emploi Rejoignez l&rsquo;\u00e9quipe Arctus \u2728 et sa structure \u00e0 taille humaine ! Nous recherchons des personnes curieuses, sensibles aux valeurs humaines, avides d&rsquo;innovations, passionn\u00e9es par le digital. D\u00e9couvrez nos offres et contactez-nous.\u00a0 \ud83d\ude80 Rejoignez l\u2019aventure Arctus ! Chez Arctus, nous croyons en une transformation digitale utile, humaine et ambitieuse.Nos projets sont port\u00e9s par [&hellip;]\" \/>\n<meta property=\"og:url\" content=\"https:\/\/www.arctus.com\/fr\/nos-offres-demploi\/\" \/>\n<meta property=\"og:site_name\" content=\"Arctus\" \/>\n<meta property=\"article:modified_time\" content=\"2025-09-01T12:41:38+00:00\" \/>\n<meta name=\"twitter:card\" content=\"summary_large_image\" \/>\n<meta name=\"twitter:label1\" content=\"Dur\u00e9e de lecture estim\u00e9e\" \/>\n\t<meta name=\"twitter:data1\" content=\"3 minutes\" \/>\n<script type=\"application\/ld+json\" class=\"yoast-schema-graph\">{\"@context\":\"https:\/\/schema.org\",\"@graph\":[{\"@type\":\"WebPage\",\"@id\":\"https:\/\/www.arctus.com\/fr\/nos-offres-demploi\/\",\"url\":\"https:\/\/www.arctus.com\/fr\/nos-offres-demploi\/\",\"name\":\"Nos offres d'emploi - Arctus\",\"isPartOf\":{\"@id\":\"https:\/\/www.arctus.com\/fr\/#website\"},\"datePublished\":\"2022-05-25T15:44:43+00:00\",\"dateModified\":\"2025-09-01T12:41:38+00:00\",\"breadcrumb\":{\"@id\":\"https:\/\/www.arctus.com\/fr\/nos-offres-demploi\/#breadcrumb\"},\"inLanguage\":\"fr-FR\",\"potentialAction\":[{\"@type\":\"ReadAction\",\"target\":[\"https:\/\/www.arctus.com\/fr\/nos-offres-demploi\/\"]}]},{\"@type\":\"BreadcrumbList\",\"@id\":\"https:\/\/www.arctus.com\/fr\/nos-offres-demploi\/#breadcrumb\",\"itemListElement\":[{\"@type\":\"ListItem\",\"position\":1,\"name\":\"Accueil\",\"item\":\"https:\/\/www.arctus.com\/\"},{\"@type\":\"ListItem\",\"position\":2,\"name\":\"Nos offres d&#8217;emploi\"}]},{\"@type\":\"WebSite\",\"@id\":\"https:\/\/www.arctus.com\/fr\/#website\",\"url\":\"https:\/\/www.arctus.com\/fr\/\",\"name\":\"Arctus\",\"description\":\"Expert en transformation digitale interne\",\"publisher\":{\"@id\":\"https:\/\/www.arctus.com\/fr\/#organization\"},\"potentialAction\":[{\"@type\":\"SearchAction\",\"target\":{\"@type\":\"EntryPoint\",\"urlTemplate\":\"https:\/\/www.arctus.com\/fr\/?s={search_term_string}\"},\"query-input\":{\"@type\":\"PropertyValueSpecification\",\"valueRequired\":true,\"valueName\":\"search_term_string\"}}],\"inLanguage\":\"fr-FR\"},{\"@type\":\"Organization\",\"@id\":\"https:\/\/www.arctus.com\/fr\/#organization\",\"name\":\"Arctus\",\"url\":\"https:\/\/www.arctus.com\/fr\/\",\"logo\":{\"@type\":\"ImageObject\",\"inLanguage\":\"fr-FR\",\"@id\":\"https:\/\/www.arctus.com\/fr\/#\/schema\/logo\/image\/\",\"url\":\"https:\/\/www.arctus.com\/wp-content\/uploads\/2022\/05\/arctus-logo-menu.png\",\"contentUrl\":\"https:\/\/www.arctus.com\/wp-content\/uploads\/2022\/05\/arctus-logo-menu.png\",\"width\":202,\"height\":66,\"caption\":\"Arctus\"},\"image\":{\"@id\":\"https:\/\/www.arctus.com\/fr\/#\/schema\/logo\/image\/\"},\"sameAs\":[\"https:\/\/www.linkedin.com\/company\/arctus\/\"]}]}<\/script>\n<!-- \/ Yoast SEO Premium plugin. -->","yoast_head_json":{"title":"Nos offres d'emploi - Arctus","robots":{"index":"index","follow":"follow","max-snippet":"max-snippet:-1","max-image-preview":"max-image-preview:large","max-video-preview":"max-video-preview:-1"},"canonical":"https:\/\/www.arctus.com\/fr\/nos-offres-demploi\/","og_locale":"fr_FR","og_type":"article","og_title":"Nos offres d'emploi","og_description":"NOS OFFRES d&#8217;emploi Rejoignez l&rsquo;\u00e9quipe Arctus \u2728 et sa structure \u00e0 taille humaine ! Nous recherchons des personnes curieuses, sensibles aux valeurs humaines, avides d&rsquo;innovations, passionn\u00e9es par le digital. D\u00e9couvrez nos offres et contactez-nous.\u00a0 \ud83d\ude80 Rejoignez l\u2019aventure Arctus ! Chez Arctus, nous croyons en une transformation digitale utile, humaine et ambitieuse.Nos projets sont port\u00e9s par [&hellip;]","og_url":"https:\/\/www.arctus.com\/fr\/nos-offres-demploi\/","og_site_name":"Arctus","article_modified_time":"2025-09-01T12:41:38+00:00","twitter_card":"summary_large_image","twitter_misc":{"Dur\u00e9e de lecture estim\u00e9e":"3 minutes"},"schema":{"@context":"https:\/\/schema.org","@graph":[{"@type":"WebPage","@id":"https:\/\/www.arctus.com\/fr\/nos-offres-demploi\/","url":"https:\/\/www.arctus.com\/fr\/nos-offres-demploi\/","name":"Nos offres d'emploi - Arctus","isPartOf":{"@id":"https:\/\/www.arctus.com\/fr\/#website"},"datePublished":"2022-05-25T15:44:43+00:00","dateModified":"2025-09-01T12:41:38+00:00","breadcrumb":{"@id":"https:\/\/www.arctus.com\/fr\/nos-offres-demploi\/#breadcrumb"},"inLanguage":"fr-FR","potentialAction":[{"@type":"ReadAction","target":["https:\/\/www.arctus.com\/fr\/nos-offres-demploi\/"]}]},{"@type":"BreadcrumbList","@id":"https:\/\/www.arctus.com\/fr\/nos-offres-demploi\/#breadcrumb","itemListElement":[{"@type":"ListItem","position":1,"name":"Accueil","item":"https:\/\/www.arctus.com\/"},{"@type":"ListItem","position":2,"name":"Nos offres d&#8217;emploi"}]},{"@type":"WebSite","@id":"https:\/\/www.arctus.com\/fr\/#website","url":"https:\/\/www.arctus.com\/fr\/","name":"Arctus","description":"Expert en transformation digitale interne","publisher":{"@id":"https:\/\/www.arctus.com\/fr\/#organization"},"potentialAction":[{"@type":"SearchAction","target":{"@type":"EntryPoint","urlTemplate":"https:\/\/www.arctus.com\/fr\/?s={search_term_string}"},"query-input":{"@type":"PropertyValueSpecification","valueRequired":true,"valueName":"search_term_string"}}],"inLanguage":"fr-FR"},{"@type":"Organization","@id":"https:\/\/www.arctus.com\/fr\/#organization","name":"Arctus","url":"https:\/\/www.arctus.com\/fr\/","logo":{"@type":"ImageObject","inLanguage":"fr-FR","@id":"https:\/\/www.arctus.com\/fr\/#\/schema\/logo\/image\/","url":"https:\/\/www.arctus.com\/wp-content\/uploads\/2022\/05\/arctus-logo-menu.png","contentUrl":"https:\/\/www.arctus.com\/wp-content\/uploads\/2022\/05\/arctus-logo-menu.png","width":202,"height":66,"caption":"Arctus"},"image":{"@id":"https:\/\/www.arctus.com\/fr\/#\/schema\/logo\/image\/"},"sameAs":["https:\/\/www.linkedin.com\/company\/arctus\/"]}]}},"_links":{"self":[{"href":"https:\/\/www.arctus.com\/fr\/wp-json\/wp\/v2\/pages\/623","targetHints":{"allow":["GET"]}}],"collection":[{"href":"https:\/\/www.arctus.com\/fr\/wp-json\/wp\/v2\/pages"}],"about":[{"href":"https:\/\/www.arctus.com\/fr\/wp-json\/wp\/v2\/types\/page"}],"author":[{"embeddable":true,"href":"https:\/\/www.arctus.com\/fr\/wp-json\/wp\/v2\/users\/1"}],"replies":[{"embeddable":true,"href":"https:\/\/www.arctus.com\/fr\/wp-json\/wp\/v2\/comments?post=623"}],"version-history":[{"count":4,"href":"https:\/\/www.arctus.com\/fr\/wp-json\/wp\/v2\/pages\/623\/revisions"}],"predecessor-version":[{"id":16056,"href":"https:\/\/www.arctus.com\/fr\/wp-json\/wp\/v2\/pages\/623\/revisions\/16056"}],"wp:attachment":[{"href":"https:\/\/www.arctus.com\/fr\/wp-json\/wp\/v2\/media?parent=623"}],"curies":[{"name":"wp","href":"https:\/\/api.w.org\/{rel}","templated":true}]}}